{"id":9,"date":"2022-08-18T22:36:24","date_gmt":"2022-08-18T22:36:24","guid":{"rendered":"https:\/\/isitrapido.art\/?page_id=9"},"modified":"2025-03-07T11:32:26","modified_gmt":"2025-03-07T11:32:26","slug":"about","status":"publish","type":"page","link":"https:\/\/isitrapido.art\/et\/about\/","title":{"rendered":"Isi Trapido"},"content":{"rendered":"<div data-elementor-type=\"wp-page\" data-elementor-id=\"9\" class=\"elementor elementor-9\">\n\t\t\t\t\t\t<section class=\"elementor-section elementor-top-section elementor-element elementor-element-4wro2mi elementor-section-content-middle elementor-section-boxed elementor-section-height-default elementor-section-height-default wpr-particle-no wpr-jarallax-no wpr-parallax-no wpr-sticky-section-no wpr-equal-height-no\" data-id=\"4wro2mi\" data-element_type=\"section\" data-e-type=\"section\" data-settings=\"{&quot;background_background&quot;:&quot;classic&quot;}\">\n\t\t\t\t\t\t<div class=\"elementor-container elementor-column-gap-default\">\n\t\t\t\t\t<div class=\"elementor-column elementor-col-33 elementor-top-column elementor-element elementor-element-4fa551e\" data-id=\"4fa551e\" data-element_type=\"column\" data-e-type=\"column\" data-settings=\"{&quot;background_background&quot;:&quot;classic&quot;}\">\n\t\t\t<div class=\"elementor-widget-wrap elementor-element-populated\">\n\t\t\t\t\t\t<div class=\"elementor-element elementor-element-1cc9fd7 elementor-absolute elementor-widget elementor-widget-image\" data-id=\"1cc9fd7\" data-element_type=\"widget\" data-e-type=\"widget\" data-settings=\"{&quot;_position&quot;:&quot;absolute&quot;}\" data-widget_type=\"image.default\">\n\t\t\t\t<div class=\"elementor-widget-container\">\n\t\t\t\t\t\t\t\t\t\t\t\t\t\t\t<img decoding=\"async\" src=\"https:\/\/isitrapido.art\/wp-content\/uploads\/elementor\/thumbs\/2_0013-pugzia00exwjw9rfhhowhaay7n75j1u9sg2o1q149c.jpg\" title=\"2_0013\" alt=\"2_0013\" loading=\"lazy\" \/>\t\t\t\t\t\t\t\t\t\t\t\t\t\t\t<\/div>\n\t\t\t\t<\/div>\n\t\t\t\t\t<\/div>\n\t\t<\/div>\n\t\t\t\t<div class=\"elementor-column elementor-col-66 elementor-top-column elementor-element elementor-element-e1725af\" data-id=\"e1725af\" data-element_type=\"column\" data-e-type=\"column\">\n\t\t\t<div class=\"elementor-widget-wrap elementor-element-populated\">\n\t\t\t\t\t\t<div class=\"elementor-element elementor-element-7d4aa77 elementor-widget elementor-widget-heading\" data-id=\"7d4aa77\" data-element_type=\"widget\" data-e-type=\"widget\" data-widget_type=\"heading.default\">\n\t\t\t\t<div class=\"elementor-widget-container\">\n\t\t\t\t\t<h3 class=\"elementor-heading-title elementor-size-medium\">Isi Trapido s\u00fcndis 27. septembril 1921 Tartus juudi perekonda. Tema isa Susman Trapido oli Kalevi t\u00e4naval asunud nahavabriku Kalev kaasomanik. Isi Trapidot lummas fotograafia juba varases nooruses 1930ndate aastate Tartus, kus ta poisikesena k\u00e4is kohaliku fotograafi juures fotode tegemise maagiat ja kunsti \u00f5ppimas. Professionaalne fotograaf sai temast p\u00e4rast Teist Maailmas\u00f5da Tallinnas, kus ta alustas ajakirjanikuna t\u00f6\u00f6d valdkonnas, mida ta k\u00f5ige rohkem armastas \u2013 spordis. Ta oli ka ise olnud edukas korvpallur, kuid p\u00e4rast rasket vigastust keskendus fotograafiale ja ajakirjandusele.<br><br>Isi Trapido fotografeeris pea poole sajandi jooksul tuhandeid ajaloolisi isikuid ja s\u00fcndmusi ning seda nii spordi kui kultuuri alal. Mitmed inimesed on esile t\u00f5stnud tema fotode erilist atmosf\u00e4\u00e4ri ehk ta suutis hea suhtleja ja fotokunstnikuna tabada igast inimesest ja olukorrast midagi ainuomast.<br><br>Isi Trapido enim t\u00e4helepanu ja auhindu p\u00e4lvinud foto on tehtud 1964. aastal Tallinnas ning kujutab Innsbrucki taliol\u00fcmpia kiiruisutamise 1500 m distantsi v\u00f5itjat Ants Antsonit uisutamas ning samal ajal annab treener talle n\u00f5uandeid. Fotot on nimetatud nii \u201eRekordi s\u00fcnd\u201d kui \u201eKiirus\u201d ning see on t\u00f5epoolest v\u00e4ga \u00f5nnestunud pilt andmaks edasi kiirust ning samal ajal selgelt n\u00e4idates kiiruisutaja n\u00e4gu. <br><br>Isi Trapido suri 28. novembril 2003. aastal Tallinnas.<\/h3>\t\t\t\t<\/div>\n\t\t\t\t<\/div>\n\t\t\t\t<div class=\"elementor-element elementor-element-53230b9 elementor-widget elementor-widget-heading\" data-id=\"53230b9\" data-element_type=\"widget\" data-e-type=\"widget\" data-widget_type=\"heading.default\">\n\t\t\t\t<div class=\"elementor-widget-container\">\n\t\t\t\t\t<h5 class=\"elementor-heading-title elementor-size-default\">Isi Trapido<\/h5>\t\t\t\t<\/div>\n\t\t\t\t<\/div>\n\t\t\t\t<div class=\"elementor-element elementor-element-ebeebd8 elementor-widget elementor-widget-heading\" data-id=\"ebeebd8\" data-element_type=\"widget\" data-e-type=\"widget\" data-widget_type=\"heading.default\">\n\t\t\t\t<div class=\"elementor-widget-container\">\n\t\t\t\t\t<h6 class=\"elementor-heading-title elementor-size-default\">Fotograaf<\/h6>\t\t\t\t<\/div>\n\t\t\t\t<\/div>\n\t\t\t\t\t<\/div>\n\t\t<\/div>\n\t\t\t\t\t<\/div>\n\t\t<\/section>\n\t\t\t\t<\/div>","protected":false},"excerpt":{"rendered":"<p>Isi Trapido was born on Sept 27, 1921 into Jewish family in Tartu, Estonia. His father, Susman Trapido, was the owner of Kalev leather factory in Tartu. Photography inspired Isi Trapido already in his late teens in 1930s in his hometown Tartu. He became a professional photographer after returning from the Second World War to Tallinn, Estonia, where he started working as a journalist in the field he loved most \u2013 sports. He was a successful basketball player himself, but after severe injury during the basketball game he focused on photography and journalism. During four decades from 1950s to 1990s he photographed thousands of historic events and persons both in sports and culture. His photos convey a special atmosphere as he was skilled in capturing something essential about the person he was photographing. Isi Trapido\u2019s most awarded photo is Speed, 1964, depicting the olympic gold medalist in speed skating, Ants Antson, during the training. Speed is a remarkable photo from its era showing literally the speed and the face of the skater at the same time. Isi Trapido died on Nov 28, 2003 in Tallinn. Isi Trapido Photographer<\/p>","protected":false},"author":2,"featured_media":0,"parent":0,"menu_order":0,"comment_status":"closed","ping_status":"closed","template":"","meta":{"site-sidebar-layout":"no-sidebar","site-content-layout":"page-builder","ast-site-content-layout":"full-width-container","site-content-style":"unboxed","site-sidebar-style":"unboxed","ast-global-header-display":"","ast-banner-title-visibility":"","ast-main-header-display":"","ast-hfb-above-header-display":"","ast-hfb-below-header-display":"","ast-hfb-mobile-header-display":"","site-post-title":"disabled","ast-breadcrumbs-content":"","ast-featured-img":"disabled","footer-sml-layout":"","ast-disable-related-posts":"","theme-transparent-header-meta":"","adv-header-id-meta":"","stick-header-meta":"","header-above-stick-meta":"","header-main-stick-meta":"","header-below-stick-meta":"","astra-migrate-meta-layouts":"set","ast-page-background-enabled":"default","ast-page-background-meta":{"desktop":{"background-color":"var(--ast-global-color-4)","background-image":"","background-repeat":"repeat","background-position":"center center","background-size":"auto","background-attachment":"scroll","background-type":"","background-media":"","overlay-type":"","overlay-color":"","overlay-opacity":"","overlay-gradient":""},"tablet":{"background-color":"","background-image":"","background-repeat":"repeat","background-position":"center center","background-size":"auto","background-attachment":"scroll","background-type":"","background-media":"","overlay-type":"","overlay-color":"","overlay-opacity":"","overlay-gradient":""},"mobile":{"background-color":"","background-image":"","background-repeat":"repeat","background-position":"center center","background-size":"auto","background-attachment":"scroll","background-type":"","background-media":"","overlay-type":"","overlay-color":"","overlay-opacity":"","overlay-gradient":""}},"ast-content-background-meta":{"desktop":{"background-color":"var(--ast-global-color-5)","background-image":"","background-repeat":"repeat","background-position":"center center","background-size":"auto","background-attachment":"scroll","background-type":"","background-media":"","overlay-type":"","overlay-color":"","overlay-opacity":"","overlay-gradient":""},"tablet":{"background-color":"var(--ast-global-color-5)","background-image":"","background-repeat":"repeat","background-position":"center center","background-size":"auto","background-attachment":"scroll","background-type":"","background-media":"","overlay-type":"","overlay-color":"","overlay-opacity":"","overlay-gradient":""},"mobile":{"background-color":"var(--ast-global-color-5)","background-image":"","background-repeat":"repeat","background-position":"center center","background-size":"auto","background-attachment":"scroll","background-type":"","background-media":"","overlay-type":"","overlay-color":"","overlay-opacity":"","overlay-gradient":""}},"footnotes":""},"class_list":["post-9","page","type-page","status-publish","hentry"],"_links":{"self":[{"href":"https:\/\/isitrapido.art\/et\/wp-json\/wp\/v2\/pages\/9","targetHints":{"allow":["GET"]}}],"collection":[{"href":"https:\/\/isitrapido.art\/et\/wp-json\/wp\/v2\/pages"}],"about":[{"href":"https:\/\/isitrapido.art\/et\/wp-json\/wp\/v2\/types\/page"}],"author":[{"embeddable":true,"href":"https:\/\/isitrapido.art\/et\/wp-json\/wp\/v2\/users\/2"}],"replies":[{"embeddable":true,"href":"https:\/\/isitrapido.art\/et\/wp-json\/wp\/v2\/comments?post=9"}],"version-history":[{"count":40,"href":"https:\/\/isitrapido.art\/et\/wp-json\/wp\/v2\/pages\/9\/revisions"}],"predecessor-version":[{"id":723,"href":"https:\/\/isitrapido.art\/et\/wp-json\/wp\/v2\/pages\/9\/revisions\/723"}],"wp:attachment":[{"href":"https:\/\/isitrapido.art\/et\/wp-json\/wp\/v2\/media?parent=9"}],"curies":[{"name":"wp","href":"https:\/\/api.w.org\/{rel}","templated":true}]}}